{"id":93,"date":"2026-02-25T21:26:47","date_gmt":"2026-02-25T21:26:47","guid":{"rendered":"https:\/\/www.marieantoinetterix.com\/?page_id=93"},"modified":"2026-04-22T06:26:29","modified_gmt":"2026-04-22T06:26:29","slug":"about","status":"publish","type":"page","link":"https:\/\/www.marieantoinetterix.com\/fr\/about\/","title":{"rendered":"A propos"},"content":{"rendered":"<div data-elementor-type=\"wp-page\" data-elementor-id=\"93\" class=\"elementor elementor-93\">\n\t\t\t\t<div class=\"elementor-element elementor-element-8907dd4 e-flex e-con-boxed e-con e-parent\" data-id=\"8907dd4\" data-element_type=\"container\" data-e-type=\"container\">\n\t\t\t\t\t<div class=\"e-con-inner\">\n\t\t<div class=\"elementor-element elementor-element-24513dd e-con-full e-flex e-con e-child\" data-id=\"24513dd\" data-element_type=\"container\" data-e-type=\"container\">\n\t\t\t\t<div class=\"elementor-element elementor-element-4943c23 elementor-widget elementor-widget-text-editor\" data-id=\"4943c23\" data-element_type=\"widget\" data-e-type=\"widget\" data-widget_type=\"text-editor.default\">\n\t\t\t\t\t\t\t\t\t<p data-start=\"113\" data-end=\"222\">Marie Antoinette Rix develops contemporary urban compositions built through layering and geometric structure.<\/p><p data-start=\"224\" data-end=\"493\">Son travail explore le mouvement dans la ville, les corps, les trajectoires et les rythmes architecturaux \u00e0 travers un langage visuel r\u00e9duit \u00e0 l\u2019essentiel. Par la r\u00e9p\u00e9tition, les contrastes et la d\u00e9coupe, elle compose des \u0153uvres o\u00f9 le mouvement reste pr\u00e9sent sans jamais \u00eatre litt\u00e9ral.<\/p><p data-start=\"495\" data-end=\"618\">Ses oeuvres r\u00e9centes s\u2019orientent vers le relief et des formes d\u00e9coup\u00e9es, dans une recherche qui fait dialoguer image, mati\u00e8re et volume.<\/p><p data-start=\"620\" data-end=\"799\">Bas\u00e9e en France, elle d\u00e9veloppe son travail en s\u00e9ries et r\u00e9alise \u00e9galement des commandes. Elle a notamment sign\u00e9 une \u0153uvre monumentale pour le Novotel Paris Ch\u00e2telet Les Halles.<\/p><p data-start=\"801\" data-end=\"935\" data-is-last-node=\"\" data-is-only-node=\"\">En parall\u00e8le, son projet Urbanae prolonge cette recherche \u00e0 travers des compositions autour des toits, de l'architecture, des structures de la ville. <a href=\"http:\/\/www.urbanae.fr\">Urbanae<\/a> extends this research through compositions focused on rooftops, structures and fragments of the city.<\/p><p data-start=\"1224\" data-end=\"1312\">\u00a0<\/p>\t\t\t\t\t\t\t\t<\/div>\n\t\t\t\t<\/div>\n\t\t<div class=\"elementor-element elementor-element-f2c85ba e-con-full e-flex e-con e-child\" data-id=\"f2c85ba\" data-element_type=\"container\" data-e-type=\"container\">\n\t\t\t\t<div class=\"elementor-element elementor-element-8a3640e elementor-widget elementor-widget-image\" data-id=\"8a3640e\" data-element_type=\"widget\" data-e-type=\"widget\" data-widget_type=\"image.default\">\n\t\t\t\t\t\t\t\t\t\t\t\t\t\t\t\t<a href=\"https:\/\/www.marieantoinetterix.com\/wp-content\/uploads\/2026\/04\/Photo-Marie-Antoinette-RIX.png\" data-elementor-open-lightbox=\"yes\" data-elementor-lightbox-title=\"Photo Marie Antoinette RIX\" data-e-action-hash=\"#elementor-action%3Aaction%3Dlightbox%26settings%3DeyJpZCI6MTE3NCwidXJsIjoiaHR0cHM6XC9cL3d3dy5tYXJpZWFudG9pbmV0dGVyaXguY29tXC93cC1jb250ZW50XC91cGxvYWRzXC8yMDI2XC8wNFwvUGhvdG8tTWFyaWUtQW50b2luZXR0ZS1SSVgucG5nIn0%3D\">\n\t\t\t\t\t\t\t<img fetchpriority=\"high\" decoding=\"async\" width=\"800\" height=\"847\" src=\"https:\/\/www.marieantoinetterix.com\/wp-content\/uploads\/2026\/04\/Photo-Marie-Antoinette-RIX-967x1024.png\" class=\"attachment-large size-large wp-image-1174\" alt=\"\" srcset=\"https:\/\/www.marieantoinetterix.com\/wp-content\/uploads\/2026\/04\/Photo-Marie-Antoinette-RIX-967x1024.png 967w, https:\/\/www.marieantoinetterix.com\/wp-content\/uploads\/2026\/04\/Photo-Marie-Antoinette-RIX-283x300.png 283w, https:\/\/www.marieantoinetterix.com\/wp-content\/uploads\/2026\/04\/Photo-Marie-Antoinette-RIX-768x813.png 768w, https:\/\/www.marieantoinetterix.com\/wp-content\/uploads\/2026\/04\/Photo-Marie-Antoinette-RIX-11x12.png 11w, https:\/\/www.marieantoinetterix.com\/wp-content\/uploads\/2026\/04\/Photo-Marie-Antoinette-RIX.png 1021w\" sizes=\"(max-width: 800px) 100vw, 800px\" \/>\t\t\t\t\t\t\t\t<\/a>\n\t\t\t\t\t\t\t\t\t\t\t\t\t\t\t<\/div>\n\t\t\t\t<\/div>\n\t\t\t\t\t<\/div>\n\t\t\t\t<\/div>\n\t\t\t\t<\/div>","protected":false},"excerpt":{"rendered":"<p>Marie Antoinette Rix develops contemporary urban compositions built through layering and geometric structure. Her work explores movement within the city, bodies, trajectories and architectural rhythms through a visual language reduced to its essentials. Through repetition, contrasts and cut-out forms, she creates compositions where motion is present without ever being literal. Her recent work moves towards [&hellip;]<\/p>\n","protected":false},"author":1,"featured_media":0,"parent":0,"menu_order":0,"comment_status":"closed","ping_status":"closed","template":"","meta":{"_surecart_dashboard_logo_width":"180px","_surecart_dashboard_show_logo":true,"_surecart_dashboard_navigation_orders":true,"_surecart_dashboard_navigation_invoices":true,"_surecart_dashboard_navigation_subscriptions":true,"_surecart_dashboard_navigation_downloads":true,"_surecart_dashboard_navigation_billing":true,"_surecart_dashboard_navigation_account":true,"footnotes":""},"class_list":["post-93","page","type-page","status-publish","hentry"],"aioseo_notices":[],"jetpack_sharing_enabled":true,"_links":{"self":[{"href":"https:\/\/www.marieantoinetterix.com\/fr\/wp-json\/wp\/v2\/pages\/93","targetHints":{"allow":["GET"]}}],"collection":[{"href":"https:\/\/www.marieantoinetterix.com\/fr\/wp-json\/wp\/v2\/pages"}],"about":[{"href":"https:\/\/www.marieantoinetterix.com\/fr\/wp-json\/wp\/v2\/types\/page"}],"author":[{"embeddable":true,"href":"https:\/\/www.marieantoinetterix.com\/fr\/wp-json\/wp\/v2\/users\/1"}],"replies":[{"embeddable":true,"href":"https:\/\/www.marieantoinetterix.com\/fr\/wp-json\/wp\/v2\/comments?post=93"}],"version-history":[{"count":33,"href":"https:\/\/www.marieantoinetterix.com\/fr\/wp-json\/wp\/v2\/pages\/93\/revisions"}],"predecessor-version":[{"id":1253,"href":"https:\/\/www.marieantoinetterix.com\/fr\/wp-json\/wp\/v2\/pages\/93\/revisions\/1253"}],"wp:attachment":[{"href":"https:\/\/www.marieantoinetterix.com\/fr\/wp-json\/wp\/v2\/media?parent=93"}],"curies":[{"name":"wp","href":"https:\/\/api.w.org\/{rel}","templated":true}]}}